{"id":1457,"date":"2021-12-21T15:36:48","date_gmt":"2021-12-21T20:36:48","guid":{"rendered":"https:\/\/chaletmaisonlanaudiere.com\/?page_id=1457"},"modified":"2024-04-01T19:40:23","modified_gmt":"2024-04-01T23:40:23","slug":"proprietes-par-ville","status":"publish","type":"page","link":"https:\/\/chaletmaisonlanaudiere.com\/en\/proprietes-par-ville\/","title":{"rendered":"Properties by city"},"content":{"rendered":"<p><section  class=\"bg_normal \"><div class=\"layout-content text-align-left\" style=\"\"><div class=\"content\"><\/p>\n<h2>Welcome to our Properties by city section for the Lanaudiere region<\/h2>\n<p><a href=\"https:\/\/chaletmaisonlanaudiere.com\/en\/\">chaletmaisonlanaudiere.com<\/a> is a website dedicated to the promotion of <strong>properties for sale<\/strong> in the Lanaudi\u00e8re region.<\/p>\n<p><strong>Properties by city<\/strong> offer you regional pages of the main municipalities presenting :<\/p>\n<ul>\n<li>the properties (house, cottage or land) offered in the different neighborhoods or sectors of that city,<\/li>\n<li>if applicable, if they have all been sold, our service offer for owners who wish to sell their property.<\/li>\n<\/ul>\n<p>Here are the cities:<\/p>\n<table style=\"height: 207px;\" width=\"1036\">\n<tbody>\n<tr>\n<th><a href=\"https:\/\/chaletmaisonlanaudiere.com\/en\/proprietes-par-ville\/rawdon\/\"><img loading=\"lazy\" decoding=\"async\" class=\"aligncenter wp-image-2075\" src=\"https:\/\/chaletmaisonlanaudiere.com\/files\/2022\/03\/Rawdon-avec-logo-2.jpg\" alt=\"rawdon vue a\u00e9rienne\" width=\"311\" height=\"200\" srcset=\"https:\/\/chaletmaisonlanaudiere.com\/files\/2022\/03\/Rawdon-avec-logo-2.jpg 499w, https:\/\/chaletmaisonlanaudiere.com\/files\/2022\/03\/Rawdon-avec-logo-2-300x192.jpg 300w\" sizes=\"auto, (max-width: 311px) 100vw, 311px\" \/><\/a><\/th>\n<th><a href=\"https:\/\/chaletmaisonlanaudiere.com\/en\/proprietes-par-ville\/saint-come\/\"><img loading=\"lazy\" decoding=\"async\" class=\"wp-image-3165 aligncenter\" src=\"https:\/\/chaletmaisonlanaudiere.com\/files\/2023\/11\/saint-come-au-coeur-des-traditions-2-300x163.jpg\" alt=\"saint-c\u00f4me\" width=\"368\" height=\"200\" srcset=\"https:\/\/chaletmaisonlanaudiere.com\/files\/2023\/11\/saint-come-au-coeur-des-traditions-2-300x163.jpg 300w, https:\/\/chaletmaisonlanaudiere.com\/files\/2023\/11\/saint-come-au-coeur-des-traditions-2-1024x557.jpg 1024w, https:\/\/chaletmaisonlanaudiere.com\/files\/2023\/11\/saint-come-au-coeur-des-traditions-2-768x417.jpg 768w, https:\/\/chaletmaisonlanaudiere.com\/files\/2023\/11\/saint-come-au-coeur-des-traditions-2.jpg 1380w\" sizes=\"auto, (max-width: 368px) 100vw, 368px\" \/><\/a><\/th>\n<th><a href=\"https:\/\/chaletmaisonlanaudiere.com\/en\/proprietes-par-ville\/chertsey\/\"><img loading=\"lazy\" decoding=\"async\" class=\"wp-image-2077 aligncenter\" style=\"font-family: inherit; font-size: inherit;\" src=\"https:\/\/chaletmaisonlanaudiere.com\/files\/2022\/03\/CHERTSEY-avec-logo-300x158.jpg\" alt=\"chertsey\" width=\"381\" height=\"200\" srcset=\"https:\/\/chaletmaisonlanaudiere.com\/files\/2022\/03\/CHERTSEY-avec-logo-300x158.jpg 300w, https:\/\/chaletmaisonlanaudiere.com\/files\/2022\/03\/CHERTSEY-avec-logo.jpg 600w\" sizes=\"auto, (max-width: 381px) 100vw, 381px\" \/><\/a><\/th>\n<\/tr>\n<tr>\n<td style=\"text-align: center;\"><a href=\"https:\/\/chaletmaisonlanaudiere.com\/en\/proprietes-par-ville\/rawdon\/\"><span style=\"color: #0000ff;\"><strong>Rawdon<\/strong><\/span><\/a><\/td>\n<td style=\"text-align: center;\"><span style=\"color: #0000ff;\"><a style=\"color: #0000ff;\" href=\"https:\/\/chaletmaisonlanaudiere.com\/en\/proprietes-par-ville\/saint-come\/\"><strong>Saint-C\u00f4me<\/strong><\/a><\/span><\/td>\n<td style=\"text-align: center;\"><span style=\"color: #0000ff;\"><a style=\"color: #0000ff;\" href=\"https:\/\/chaletmaisonlanaudiere.com\/en\/proprietes-par-ville\/chertsey\/\"><strong>Chertsey<\/strong><\/a><\/span><\/td>\n<\/tr>\n<tr>\n<th><a href=\"https:\/\/chaletmaisonlanaudiere.com\/en\/proprietes-par-ville\/saint-alphonse-rodriguez\/\"><img loading=\"lazy\" decoding=\"async\" class=\"wp-image-2171 aligncenter\" src=\"https:\/\/chaletmaisonlanaudiere.com\/files\/2022\/04\/Sainte-Julienne_Route-125-266x300.png\" alt=\"sainte-julienne\" width=\"178\" height=\"200\" srcset=\"https:\/\/chaletmaisonlanaudiere.com\/files\/2022\/04\/Sainte-Julienne_Route-125-266x300.png 266w, https:\/\/chaletmaisonlanaudiere.com\/files\/2022\/04\/Sainte-Julienne_Route-125.png 413w\" sizes=\"auto, (max-width: 178px) 100vw, 178px\" \/><\/a><\/th>\n<th><a href=\"https:\/\/chaletmaisonlanaudiere.com\/en\/proprietes-par-ville\/saint-calixte\/\"><img loading=\"lazy\" decoding=\"async\" class=\"wp-image-3168 aligncenter\" src=\"https:\/\/chaletmaisonlanaudiere.com\/files\/2023\/11\/saint-calixte.jpg\" alt=\"saint-calixte\" width=\"264\" height=\"200\" \/><\/a><\/th>\n<th><a href=\"https:\/\/chaletmaisonlanaudiere.com\/en\/proprietes-par-ville\/saint-alphonse-rodriguez\/\"><img loading=\"lazy\" decoding=\"async\" class=\"aligncenter wp-image-3170\" src=\"https:\/\/chaletmaisonlanaudiere.com\/files\/2023\/11\/saint-alphonse-de-rodriguez-logo-3-300x172.jpg\" alt=\"Saint-Alphonse-Rodriguez\" width=\"349\" height=\"200\" srcset=\"https:\/\/chaletmaisonlanaudiere.com\/files\/2023\/11\/saint-alphonse-de-rodriguez-logo-3-300x172.jpg 300w, https:\/\/chaletmaisonlanaudiere.com\/files\/2023\/11\/saint-alphonse-de-rodriguez-logo-3.jpg 335w\" sizes=\"auto, (max-width: 349px) 100vw, 349px\" \/><\/a><\/th>\n<\/tr>\n<tr>\n<td style=\"text-align: center;\"><span style=\"color: #0000ff;\">\u00a0<a style=\"color: #0000ff;\" href=\"https:\/\/chaletmaisonlanaudiere.com\/en\/proprietes-par-ville\/saint-alphonse-rodriguez\/\"><strong>Sainte-Julienne<\/strong><\/a><\/span><\/td>\n<td style=\"text-align: center;\"><span style=\"color: #0000ff;\"><strong><a style=\"color: #0000ff;\" href=\"https:\/\/chaletmaisonlanaudiere.com\/en\/proprietes-par-ville\/chertsey\/\">Saint-Calixte<\/a><\/strong><\/span><\/td>\n<td style=\"text-align: center;\"><span style=\"color: #0000ff;\"><strong><a style=\"color: #0000ff;\" href=\"https:\/\/chaletmaisonlanaudiere.com\/en\/proprietes-par-ville\/saint-alphonse-rodriguez\/\">Saint-Alphonse-Rodriguez<\/a><\/strong><\/span><\/td>\n<\/tr>\n<\/tbody>\n<\/table>\n<p><strong>The Lanaudi\u00e8re region<\/strong><\/p>\n<p>Lanaudi\u00e8re is a region that runs along the river from Montreal to Berthierville in the south, and to the Manawan sector, north of Saint-Michel-Des-Saints in the Matawinie RCM.<\/p>\n<p>The southern part of the region is an agricultural plain that is part of the <strong>St. Lawrence Lowlands<\/strong>. The altitude varies between 1 m (at the St. Lawrence River) and about 100 m (at the piedmont). The rest of the region is dominated by the characteristic relief of the <strong>southern Laurentian Mountains<\/strong>, with numerous hills exceeding 400 meters.\u00a0\u00a0The <strong>Mont-Tremblant massif<\/strong> includes the most important mountains, both in terms of altitude and recreational attraction. <strong>Mont Noire,<\/strong> near Saint-Donat, (892 meters) is the highest point in the region.<\/p>\n<p>Located approximately 30 kilometers northeast of Montreal, there are <strong>58 local municipalities<\/strong>, grouped into <strong>six regional county municipalities<\/strong> (RCMs). The population is approximately 494,000 people who are called : <strong>Lanaudois<\/strong> and <strong>Lanaudoises<\/strong>. (Source: https:\/\/fr.wikipedia.org\/wiki\/Lanaudi%C3%A8re)<\/p>\n<h2>A green region<\/h2>\n<p><strong>The people of Lanaudi\u00e8re have given their region the justified name of green region<\/strong>. The color green unifies diversity. The green of the countryside, of the parks and shaded streets in the cities, the green of the banks of the great river, the Berthier islands and the endless nature of the north. The Lanaudi\u00e8re palette is also the green-blond of hay, the green-blue of fir and the dark green of spruce. It is also the green of the enthusiasm and hope of the openers of the country, of the entrepreneurs who founded cities and parishes, and of the youth of today. (Source: https:\/\/jumelagesainte-melanie.org\/Lanaudiere.htm).<\/p>\n<h2>A welcoming and friendly region<\/h2>\n<p style=\"text-align: center;\"><iframe loading=\"lazy\" title=\"YouTube video player\" src=\"https:\/\/www.youtube.com\/embed\/CWn5l2Zv2QU\" width=\"560\" height=\"315\" frameborder=\"0\" allowfullscreen=\"allowfullscreen\"><\/iframe><\/p>\n<p><strong>Video clip: Lanaudi\u00e8re \u00c9conomique presents a series of four video clips dedicated to the attraction and sustainable settlement of immigrant workers and families. Lanaudi\u00e8re is an attractive place to live for immigrants, whether for employment, entrepreneurship, investment, housing, etc. Youtube page: https:\/\/www.youtube.com\/user\/doudou20101\/videos.<\/strong><\/p>\n<p>&nbsp;<\/p>\n<hr \/>\n<h1 style=\"text-align: center;\">Real estate broker Lanaudi\u00e8re<\/h1>\n<h3 style=\"text-align: center;\">Buy or sell a property in the Lanaudiere region with Lydia Soczniew and Sylvain Leclerc<\/h3>\n<h3 style=\"text-align: center;\">RE\/MAX Prestige Real Estate Brokers<\/h3>\n<h3 style=\"text-align: center;\">For more information, do not hesitate to call us at the following numbers:<\/h3>\n<h3 style=\"text-align: center;\"><a style=\"color: #0000ff; font-size: 26px;\" href=\"tel:4509446661\">(450) 944-6661<\/a> <strong><strong>or <\/strong><\/strong><span style=\"color: #0000ff; font-size: 26px;\"><strong><a style=\"color: #0000ff;\" href=\"tel:4509441923\" target=\"_blank\" rel=\"noopener noreferrer\"><strong>(450) 944-1923<\/strong><\/a><\/strong><\/span><\/h3>\n<p><img loading=\"lazy\" decoding=\"async\" class=\"aligncenter wp-image-3074 size-large\" src=\"https:\/\/chaletmaisonlanaudiere.com\/files\/2023\/09\/courtiers-immobiliers-lanaudiere-optimisee-1024x380.jpg\" alt=\"courtier immobilier rawdon\" width=\"1024\" height=\"380\" srcset=\"https:\/\/chaletmaisonlanaudiere.com\/files\/2023\/09\/courtiers-immobiliers-lanaudiere-optimisee-1024x380.jpg 1024w, https:\/\/chaletmaisonlanaudiere.com\/files\/2023\/09\/courtiers-immobiliers-lanaudiere-optimisee-300x111.jpg 300w, https:\/\/chaletmaisonlanaudiere.com\/files\/2023\/09\/courtiers-immobiliers-lanaudiere-optimisee-768x285.jpg 768w, https:\/\/chaletmaisonlanaudiere.com\/files\/2023\/09\/courtiers-immobiliers-lanaudiere-optimisee-1536x570.jpg 1536w, https:\/\/chaletmaisonlanaudiere.com\/files\/2023\/09\/courtiers-immobiliers-lanaudiere-optimisee.jpg 1600w\" sizes=\"auto, (max-width: 1024px) 100vw, 1024px\" \/><\/p>\n<p style=\"text-align: center;\"><strong>Google Entreprise Profile of Lydia Soczniew : <a href=\"https:\/\/g.page\/r\/CRAGThYR1m4fEAE\">https:\/\/g.page\/r\/CRAGThYR1m4fEAE<\/a><\/strong><\/p>\n<p style=\"text-align: center;\"><strong>Google Entreprise Profile of\u00a0 Sylvain Leclerc\u00a0 : <a href=\"https:\/\/g.page\/r\/CQWf-0NPJZDAEAE\">https:\/\/g.page\/r\/CQWf-0NPJZDAEAE<\/a><\/strong><\/p>\n<p><\/div><\/div><\/section><\/p>","protected":false},"excerpt":{"rendered":"<p>Sorry, this entry is only available in Fran\u00e7ais.<\/p>\n","protected":false},"author":121,"featured_media":0,"parent":0,"menu_order":0,"comment_status":"closed","ping_status":"closed","template":"t_listings.php","meta":{"_acf_changed":false,"footnotes":""},"class_list":["post-1457","page","type-page","status-publish","hentry"],"acf":[],"yoast_head":"<!-- This site is optimized with the Yoast SEO plugin v26.7 - https:\/\/yoast.com\/wordpress\/plugins\/seo\/ -->\n<title>Courtier immobilier Lanaudi\u00e8re | Soczniew - Leclerc de RE\/MAX Prestige<\/title>\n<meta name=\"description\" content=\"Courtier immobilier Lanaudi\u00e8re - Pour vendre ou pour acheter une propri\u00e9t\u00e9 dans Lanaudi\u00e8re, appelez Lydia Soczniew ou Sylvain Leclerc : (450) 944-6661 \/ (450) 944-1923.\" \/>\n<meta name=\"robots\" content=\"index, follow, max-snippet:-1, max-image-preview:large, max-video-preview:-1\" \/>\n<link rel=\"canonical\" href=\"https:\/\/chaletmaisonlanaudiere.com\/proprietes-par-ville\/\" \/>\n<meta property=\"og:locale\" content=\"en_US\" \/>\n<meta property=\"og:type\" content=\"article\" \/>\n<meta property=\"og:title\" content=\"Courtier immobilier Lanaudi\u00e8re | Soczniew - Leclerc de RE\/MAX Prestige\" \/>\n<meta property=\"og:description\" content=\"Courtier immobilier Lanaudi\u00e8re - Pour vendre ou pour acheter une propri\u00e9t\u00e9 dans Lanaudi\u00e8re, appelez Lydia Soczniew ou Sylvain Leclerc : (450) 944-6661 \/ (450) 944-1923.\" \/>\n<meta property=\"og:url\" content=\"https:\/\/chaletmaisonlanaudiere.com\/proprietes-par-ville\/\" \/>\n<meta property=\"og:site_name\" content=\"Chalet Maison Lanaudiere - REMAX Qu\u00e9bec\" \/>\n<meta property=\"article:publisher\" content=\"https:\/\/www.facebook.com\/ChaletMaisonLanaudiere\/\" \/>\n<meta property=\"article:modified_time\" content=\"2024-04-01T23:40:23+00:00\" \/>\n<meta property=\"og:image\" content=\"https:\/\/chaletmaisonlanaudiere.com\/files\/2024\/03\/courtiers-immobiliers-lanaudiere-6.jpg\" \/>\n\t<meta property=\"og:image:width\" content=\"565\" \/>\n\t<meta property=\"og:image:height\" content=\"542\" \/>\n\t<meta property=\"og:image:type\" content=\"image\/jpeg\" \/>\n<meta name=\"twitter:card\" content=\"summary_large_image\" \/>\n<meta name=\"twitter:title\" content=\"Courtier immobilier Lanaudi\u00e8re | Soczniew - Leclerc de RE\/MAX Prestige\" \/>\n<meta name=\"twitter:description\" content=\"Courtier immobilier Lanaudi\u00e8re - Pour vendre ou pour acheter une propri\u00e9t\u00e9 dans Lanaudi\u00e8re, appelez Lydia Soczniew ou Sylvain Leclerc : (450) 944-6661 \/ (450) 944-1923.\" \/>\n<meta name=\"twitter:image\" content=\"https:\/\/chaletmaisonlanaudiere.com\/files\/2024\/03\/courtiers-immobiliers-lanaudiere-6.jpg\" \/>\n<meta name=\"twitter:site\" content=\"@LydiaRemax\" \/>\n<meta name=\"twitter:label1\" content=\"Est. reading time\" \/>\n\t<meta name=\"twitter:data1\" content=\"4 minutes\" \/>\n<script type=\"application\/ld+json\" class=\"yoast-schema-graph\">{\"@context\":\"https:\/\/schema.org\",\"@graph\":[{\"@type\":\"WebPage\",\"@id\":\"https:\/\/chaletmaisonlanaudiere.com\/proprietes-par-ville\/\",\"url\":\"https:\/\/chaletmaisonlanaudiere.com\/proprietes-par-ville\/\",\"name\":\"Courtier immobilier Lanaudi\u00e8re | Soczniew - Leclerc de RE\/MAX Prestige\",\"isPartOf\":{\"@id\":\"https:\/\/chaletmaisonlanaudiere.com\/#website\"},\"primaryImageOfPage\":{\"@id\":\"https:\/\/chaletmaisonlanaudiere.com\/proprietes-par-ville\/#primaryimage\"},\"image\":{\"@id\":\"https:\/\/chaletmaisonlanaudiere.com\/proprietes-par-ville\/#primaryimage\"},\"thumbnailUrl\":\"https:\/\/chaletmaisonlanaudiere.com\/files\/2022\/03\/Rawdon-avec-logo-2.jpg\",\"datePublished\":\"2021-12-21T20:36:48+00:00\",\"dateModified\":\"2024-04-01T23:40:23+00:00\",\"description\":\"Courtier immobilier Lanaudi\u00e8re - Pour vendre ou pour acheter une propri\u00e9t\u00e9 dans Lanaudi\u00e8re, appelez Lydia Soczniew ou Sylvain Leclerc : (450) 944-6661 \/ (450) 944-1923.\",\"breadcrumb\":{\"@id\":\"https:\/\/chaletmaisonlanaudiere.com\/proprietes-par-ville\/#breadcrumb\"},\"inLanguage\":\"en-US\",\"potentialAction\":[{\"@type\":\"ReadAction\",\"target\":[\"https:\/\/chaletmaisonlanaudiere.com\/proprietes-par-ville\/\"]}]},{\"@type\":\"ImageObject\",\"inLanguage\":\"en-US\",\"@id\":\"https:\/\/chaletmaisonlanaudiere.com\/proprietes-par-ville\/#primaryimage\",\"url\":\"https:\/\/chaletmaisonlanaudiere.com\/files\/2022\/03\/Rawdon-avec-logo-2.jpg\",\"contentUrl\":\"https:\/\/chaletmaisonlanaudiere.com\/files\/2022\/03\/Rawdon-avec-logo-2.jpg\"},{\"@type\":\"BreadcrumbList\",\"@id\":\"https:\/\/chaletmaisonlanaudiere.com\/proprietes-par-ville\/#breadcrumb\",\"itemListElement\":[{\"@type\":\"ListItem\",\"position\":1,\"name\":\"Accueil\",\"item\":\"https:\/\/chaletmaisonlanaudiere.com\/\"},{\"@type\":\"ListItem\",\"position\":2,\"name\":\"Propri\u00e9t\u00e9s par ville\"}]},{\"@type\":\"WebSite\",\"@id\":\"https:\/\/chaletmaisonlanaudiere.com\/#website\",\"url\":\"https:\/\/chaletmaisonlanaudiere.com\/\",\"name\":\"Chalet Maison Lanaudiere - REMAX Qu\u00e9bec\",\"description\":\"Courtiers immobiliers\",\"publisher\":{\"@id\":\"https:\/\/chaletmaisonlanaudiere.com\/#organization\"},\"potentialAction\":[{\"@type\":\"SearchAction\",\"target\":{\"@type\":\"EntryPoint\",\"urlTemplate\":\"https:\/\/chaletmaisonlanaudiere.com\/?s={search_term_string}\"},\"query-input\":{\"@type\":\"PropertyValueSpecification\",\"valueRequired\":true,\"valueName\":\"search_term_string\"}}],\"inLanguage\":\"en-US\"},{\"@type\":\"Organization\",\"@id\":\"https:\/\/chaletmaisonlanaudiere.com\/#organization\",\"name\":\"Lydia Soczniew et Sylvain Leclerc, courtiers immobiliers Remax\",\"url\":\"https:\/\/chaletmaisonlanaudiere.com\/\",\"logo\":{\"@type\":\"ImageObject\",\"inLanguage\":\"en-US\",\"@id\":\"https:\/\/chaletmaisonlanaudiere.com\/#\/schema\/logo\/image\/\",\"url\":\"https:\/\/chaletmaisonlanaudiere.com\/files\/2024\/03\/courtiers-immobiliers-lanaudiere-6.jpg\",\"contentUrl\":\"https:\/\/chaletmaisonlanaudiere.com\/files\/2024\/03\/courtiers-immobiliers-lanaudiere-6.jpg\",\"width\":565,\"height\":542,\"caption\":\"Lydia Soczniew et Sylvain Leclerc, courtiers immobiliers Remax\"},\"image\":{\"@id\":\"https:\/\/chaletmaisonlanaudiere.com\/#\/schema\/logo\/image\/\"},\"sameAs\":[\"https:\/\/www.facebook.com\/ChaletMaisonLanaudiere\/\",\"https:\/\/x.com\/LydiaRemax\",\"https:\/\/www.instagram.com\/lydiasoczniew\/?hl=fr-ca\",\"https:\/\/www.linkedin.com\/in\/lydia-soczniew-sylvain-leclerc-377a1111\/\"]}]}<\/script>\n<!-- \/ Yoast SEO plugin. -->","yoast_head_json":{"title":"Courtier immobilier Lanaudi\u00e8re | Soczniew - Leclerc de RE\/MAX Prestige","description":"Courtier immobilier Lanaudi\u00e8re - Pour vendre ou pour acheter une propri\u00e9t\u00e9 dans Lanaudi\u00e8re, appelez Lydia Soczniew ou Sylvain Leclerc : (450) 944-6661 \/ (450) 944-1923.","robots":{"index":"index","follow":"follow","max-snippet":"max-snippet:-1","max-image-preview":"max-image-preview:large","max-video-preview":"max-video-preview:-1"},"canonical":"https:\/\/chaletmaisonlanaudiere.com\/proprietes-par-ville\/","og_locale":"en_US","og_type":"article","og_title":"Courtier immobilier Lanaudi\u00e8re | Soczniew - Leclerc de RE\/MAX Prestige","og_description":"Courtier immobilier Lanaudi\u00e8re - Pour vendre ou pour acheter une propri\u00e9t\u00e9 dans Lanaudi\u00e8re, appelez Lydia Soczniew ou Sylvain Leclerc : (450) 944-6661 \/ (450) 944-1923.","og_url":"https:\/\/chaletmaisonlanaudiere.com\/proprietes-par-ville\/","og_site_name":"Chalet Maison Lanaudiere - REMAX Qu\u00e9bec","article_publisher":"https:\/\/www.facebook.com\/ChaletMaisonLanaudiere\/","article_modified_time":"2024-04-01T23:40:23+00:00","og_image":[{"width":565,"height":542,"url":"https:\/\/chaletmaisonlanaudiere.com\/files\/2024\/03\/courtiers-immobiliers-lanaudiere-6.jpg","type":"image\/jpeg"}],"twitter_card":"summary_large_image","twitter_title":"Courtier immobilier Lanaudi\u00e8re | Soczniew - Leclerc de RE\/MAX Prestige","twitter_description":"Courtier immobilier Lanaudi\u00e8re - Pour vendre ou pour acheter une propri\u00e9t\u00e9 dans Lanaudi\u00e8re, appelez Lydia Soczniew ou Sylvain Leclerc : (450) 944-6661 \/ (450) 944-1923.","twitter_image":"https:\/\/chaletmaisonlanaudiere.com\/files\/2024\/03\/courtiers-immobiliers-lanaudiere-6.jpg","twitter_site":"@LydiaRemax","twitter_misc":{"Est. reading time":"4 minutes"},"schema":{"@context":"https:\/\/schema.org","@graph":[{"@type":"WebPage","@id":"https:\/\/chaletmaisonlanaudiere.com\/proprietes-par-ville\/","url":"https:\/\/chaletmaisonlanaudiere.com\/proprietes-par-ville\/","name":"Courtier immobilier Lanaudi\u00e8re | Soczniew - Leclerc de RE\/MAX Prestige","isPartOf":{"@id":"https:\/\/chaletmaisonlanaudiere.com\/#website"},"primaryImageOfPage":{"@id":"https:\/\/chaletmaisonlanaudiere.com\/proprietes-par-ville\/#primaryimage"},"image":{"@id":"https:\/\/chaletmaisonlanaudiere.com\/proprietes-par-ville\/#primaryimage"},"thumbnailUrl":"https:\/\/chaletmaisonlanaudiere.com\/files\/2022\/03\/Rawdon-avec-logo-2.jpg","datePublished":"2021-12-21T20:36:48+00:00","dateModified":"2024-04-01T23:40:23+00:00","description":"Courtier immobilier Lanaudi\u00e8re - Pour vendre ou pour acheter une propri\u00e9t\u00e9 dans Lanaudi\u00e8re, appelez Lydia Soczniew ou Sylvain Leclerc : (450) 944-6661 \/ (450) 944-1923.","breadcrumb":{"@id":"https:\/\/chaletmaisonlanaudiere.com\/proprietes-par-ville\/#breadcrumb"},"inLanguage":"en-US","potentialAction":[{"@type":"ReadAction","target":["https:\/\/chaletmaisonlanaudiere.com\/proprietes-par-ville\/"]}]},{"@type":"ImageObject","inLanguage":"en-US","@id":"https:\/\/chaletmaisonlanaudiere.com\/proprietes-par-ville\/#primaryimage","url":"https:\/\/chaletmaisonlanaudiere.com\/files\/2022\/03\/Rawdon-avec-logo-2.jpg","contentUrl":"https:\/\/chaletmaisonlanaudiere.com\/files\/2022\/03\/Rawdon-avec-logo-2.jpg"},{"@type":"BreadcrumbList","@id":"https:\/\/chaletmaisonlanaudiere.com\/proprietes-par-ville\/#breadcrumb","itemListElement":[{"@type":"ListItem","position":1,"name":"Accueil","item":"https:\/\/chaletmaisonlanaudiere.com\/"},{"@type":"ListItem","position":2,"name":"Propri\u00e9t\u00e9s par ville"}]},{"@type":"WebSite","@id":"https:\/\/chaletmaisonlanaudiere.com\/#website","url":"https:\/\/chaletmaisonlanaudiere.com\/","name":"Chalet Maison Lanaudiere - REMAX Qu\u00e9bec","description":"Courtiers immobiliers","publisher":{"@id":"https:\/\/chaletmaisonlanaudiere.com\/#organization"},"potentialAction":[{"@type":"SearchAction","target":{"@type":"EntryPoint","urlTemplate":"https:\/\/chaletmaisonlanaudiere.com\/?s={search_term_string}"},"query-input":{"@type":"PropertyValueSpecification","valueRequired":true,"valueName":"search_term_string"}}],"inLanguage":"en-US"},{"@type":"Organization","@id":"https:\/\/chaletmaisonlanaudiere.com\/#organization","name":"Lydia Soczniew et Sylvain Leclerc, courtiers immobiliers Remax","url":"https:\/\/chaletmaisonlanaudiere.com\/","logo":{"@type":"ImageObject","inLanguage":"en-US","@id":"https:\/\/chaletmaisonlanaudiere.com\/#\/schema\/logo\/image\/","url":"https:\/\/chaletmaisonlanaudiere.com\/files\/2024\/03\/courtiers-immobiliers-lanaudiere-6.jpg","contentUrl":"https:\/\/chaletmaisonlanaudiere.com\/files\/2024\/03\/courtiers-immobiliers-lanaudiere-6.jpg","width":565,"height":542,"caption":"Lydia Soczniew et Sylvain Leclerc, courtiers immobiliers Remax"},"image":{"@id":"https:\/\/chaletmaisonlanaudiere.com\/#\/schema\/logo\/image\/"},"sameAs":["https:\/\/www.facebook.com\/ChaletMaisonLanaudiere\/","https:\/\/x.com\/LydiaRemax","https:\/\/www.instagram.com\/lydiasoczniew\/?hl=fr-ca","https:\/\/www.linkedin.com\/in\/lydia-soczniew-sylvain-leclerc-377a1111\/"]}]}},"_links":{"self":[{"href":"https:\/\/chaletmaisonlanaudiere.com\/en\/wp-json\/wp\/v2\/pages\/1457","targetHints":{"allow":["GET"]}}],"collection":[{"href":"https:\/\/chaletmaisonlanaudiere.com\/en\/wp-json\/wp\/v2\/pages"}],"about":[{"href":"https:\/\/chaletmaisonlanaudiere.com\/en\/wp-json\/wp\/v2\/types\/page"}],"author":[{"embeddable":true,"href":"https:\/\/chaletmaisonlanaudiere.com\/en\/wp-json\/wp\/v2\/users\/121"}],"replies":[{"embeddable":true,"href":"https:\/\/chaletmaisonlanaudiere.com\/en\/wp-json\/wp\/v2\/comments?post=1457"}],"version-history":[{"count":2,"href":"https:\/\/chaletmaisonlanaudiere.com\/en\/wp-json\/wp\/v2\/pages\/1457\/revisions"}],"predecessor-version":[{"id":3290,"href":"https:\/\/chaletmaisonlanaudiere.com\/en\/wp-json\/wp\/v2\/pages\/1457\/revisions\/3290"}],"wp:attachment":[{"href":"https:\/\/chaletmaisonlanaudiere.com\/en\/wp-json\/wp\/v2\/media?parent=1457"}],"curies":[{"name":"wp","href":"https:\/\/api.w.org\/{rel}","templated":true}]}}