{"id":2916,"date":"2023-04-10T18:33:23","date_gmt":"2023-04-10T22:33:23","guid":{"rendered":"https:\/\/chaletmaisonlanaudiere.com\/?page_id=2916"},"modified":"2024-12-17T13:46:31","modified_gmt":"2024-12-17T18:46:31","slug":"le-marche-immobilier-dans-rawdon","status":"publish","type":"page","link":"https:\/\/chaletmaisonlanaudiere.com\/en\/proprietes-par-ville\/rawdon\/le-marche-immobilier-dans-rawdon\/","title":{"rendered":"What are the most sought-after properties in Rawdon?"},"content":{"rendered":"<p><\/p>\n<h2>Discover Rawdon<\/h2>\n<p>What are the most sought-after properties in Rawdon? To buy or sell a property in Rawdon, you need to know the characteristics of the local and regional real estate market. Hello, my name is Lydia Soczniew, <span style=\"color: #0000ff;\"><a style=\"color: #0000ff;\" href=\"https:\/\/chaletmaisonlanaudiere.com\/en\/proprietes-par-ville\/\"><strong>real estate broker in Rawdon<\/strong><\/a><\/span> and Lanaudi\u00e8re. I know the Rawdon real estate market well, as I have lived and worked in this beautiful region for over 20 years. In this article, I offer you some useful information to help you realize your real estate project.<\/p>\n<div id=\"attachment_2920\" style=\"width: 810px\" class=\"wp-caption aligncenter\"><img loading=\"lazy\" decoding=\"async\" aria-describedby=\"caption-attachment-2920\" class=\"wp-image-2920\" title=\"Vue a\u00e9rienne de Rawdon\" src=\"https:\/\/chaletmaisonlanaudiere.com\/files\/2023\/04\/Rawdon-vu-par-Google-Earth.jpg\" alt=\"Vue a\u00e9rienne de Rawdon\" width=\"800\" height=\"542\" srcset=\"https:\/\/chaletmaisonlanaudiere.com\/files\/2023\/04\/Rawdon-vu-par-Google-Earth.jpg 938w, https:\/\/chaletmaisonlanaudiere.com\/files\/2023\/04\/Rawdon-vu-par-Google-Earth-300x203.jpg 300w, https:\/\/chaletmaisonlanaudiere.com\/files\/2023\/04\/Rawdon-vu-par-Google-Earth-768x521.jpg 768w\" sizes=\"auto, (max-width: 800px) 100vw, 800px\" \/><p id=\"caption-attachment-2920\" class=\"wp-caption-text\">Aerial view of Rawdon made with Google Earth. We can see that the city is surrounded by forests.<\/p><\/div>\n<h3>Rawdon is living in nature<\/h3>\n<p>Rawdon is a municipality located in the Lanaudi\u00e8re region, about 60 km north of Montreal. It currently has 12,427 inhabitants on its 197 km2 territory. With its diversity, with more than 40 cultural communities, Rawdon is referred to as &#8220;<strong>part of the whole world<\/strong>&#8220;. If we come to live here, it&#8217;s because we love living in nature!<\/p>\n<p>The region offers a peaceful and pleasant quality of life. It is famous for its enchanting natural landscapes, sparkling lakes, winding rivers, tumbling and refreshing waterfalls, mountains and hiking trails, lush parks and a variety of outdoor activities. Winter attracts lovers of downhill skiing, cross-country skiing, snowshoeing and snowmobiling. Rawdon, Pontbriand and Morgan lakes also make the region an ideal place for summer sports. Whether you are attracted by nature, water, hiking, hunting, fishing, water skiing, swimming, biking or tennis, you will certainly find something to entertain and fulfill your potential in this charming municipality of Lanaudi\u00e8re and its surroundings.<\/p>\n<div id=\"attachment_2921\" style=\"width: 810px\" class=\"wp-caption aligncenter\"><img loading=\"lazy\" decoding=\"async\" aria-describedby=\"caption-attachment-2921\" class=\"wp-image-2921\" title=\"maison a vendre rawdon\" src=\"https:\/\/chaletmaisonlanaudiere.com\/files\/2023\/04\/maison-plain-pied-Rawdon.jpg\" alt=\"maison a vendre rawdon\" width=\"800\" height=\"533\" srcset=\"https:\/\/chaletmaisonlanaudiere.com\/files\/2023\/04\/maison-plain-pied-Rawdon.jpg 1095w, https:\/\/chaletmaisonlanaudiere.com\/files\/2023\/04\/maison-plain-pied-Rawdon-300x200.jpg 300w, https:\/\/chaletmaisonlanaudiere.com\/files\/2023\/04\/maison-plain-pied-Rawdon-1024x683.jpg 1024w, https:\/\/chaletmaisonlanaudiere.com\/files\/2023\/04\/maison-plain-pied-Rawdon-768x512.jpg 768w\" sizes=\"auto, (max-width: 800px) 100vw, 800px\" \/><p id=\"caption-attachment-2921\" class=\"wp-caption-text\">Here is a beautiful example of a bungalow currently for sale. It is located at 2471 Chemin Kyte in Rawdon. It was built in a peaceful environment facing the Ouareau River.<\/p><\/div>\n<h3>What types of properties can be found in Rawdon?<\/h3>\n<p><strong>Rawdon&#8217;s real estate market is diversified and offers options for all tastes and budgets<\/strong>. You can find single-family homes, cottages, condos, land and even farms. The real estate market in Rawdon is dynamic and currently favorable to sellers. According to Centris data, the number of sales has increased by 25% between 2021 and 2022, from 144 to 180 transactions. The median price of single-family homes has also increased by 21%, reaching $300,000 in April 2023.<\/p>\n<p>These numbers are driven by strong demand from buyers looking to move away from large urban centers to quieter, greener areas. The Covid-19 pandemic has also accelerated this trend, encouraging telecommuting and prompting people to seek more space and comfort.<\/p>\n<h3>What are the most sought-after properties in Rawdon?<\/h3>\n<p><strong>The most popular properties in Rawdon are bungalows, which represent about 60% of sales<\/strong>. They are appreciated for their comfort, their brightness and their easy access. They are often located on large wooded lots or with access to a lake.<\/p>\n<p><strong>Cottages<\/strong> are also highly sought after in Rawdon, especially by buyers looking for a second home or a rental investment. Cottages offer an idyllic setting to enjoy nature and recharge your batteries. They are generally equipped with fireplaces, spas or saunas.<\/p>\n<p><strong>Condos<\/strong> are less present in Rawdon, but they can be a good option for buyers looking for a modern, practical and affordable home. Condos are often located in recent or renovated buildings, with common services such as a pool or a gym.<\/p>\n<p><strong>Land<\/strong> is also an option for buyers who want to build their own custom home or build an agricultural or commercial project. Lots in Rawdon are often spacious and offer a beautiful view of the mountains or lakes.<\/p>\n<p>To buy or sell a property in Rawdon, if you need a real estate broker, do not hesitate to contact me:<\/p>\n<p><strong>Lydia Soczniew, Courtier immobilier Rawdon Lanaudi\u00e8re | REMAX Prestige<\/strong><br \/>\n3530 Queen Street<br \/>\nRawdon, J0K 1S0<br \/>\nTelephone : (450) 944-6661<br \/>\nGoogle Business Profile: <a href=\"https:\/\/g.page\/r\/CRAGThYR1m4fEB0\/\">https:\/\/g.page\/r\/CRAGThYR1m4fEB0\/<\/a><\/p>\n<p>&nbsp;<\/p>\n<hr \/>\n<h2>Discover other interesting articles about Rawdon :<\/h2>\n<h3><span style=\"color: #0000ff;\"><strong><a style=\"color: #0000ff;\" href=\"https:\/\/chaletmaisonlanaudiere.com\/en\/proprietes-par-ville\/rawdon\/quelle-est-la-tendance-actuelle-du-marche-immobilier-a-rawdon-en-termes-de-prix-des-maisons\/\">What&#8217;s the current trend in the Rawdon real estate market, in terms of home prices?<\/a><\/strong><\/span><\/h3>\n<h3><span style=\"color: #0000ff;\"><strong><a style=\"color: #0000ff;\" href=\"https:\/\/chaletmaisonlanaudiere.com\/en\/proprietes-par-ville\/rawdon\/le-marche-immobilier-dans-rawdon\/\">What are the most sought-after properties in<\/a><\/strong><a style=\"color: #0000ff;\" href=\"https:\/\/chaletmaisonlanaudiere.com\/en\/proprietes-par-ville\/rawdon\/le-marche-immobilier-dans-rawdon\/\"> Rawdon?<\/a><\/span><\/h3>\n<h3><span style=\"color: #0000ff;\"><a style=\"color: #0000ff;\" href=\"https:\/\/chaletmaisonlanaudiere.com\/enproprietes-par-ville\/rawdon\/limportance-de-planifier-lachat-dune-maison-a-rawdon-et-eviter-des-surprises-deplaisantes\/\">Why plan to buy a home in Rawdon?<\/a><\/span><\/h3>\n<h3><span style=\"color: #0000ff;\"><a style=\"color: #0000ff;\" href=\"https:\/\/chaletmaisonlanaudiere.com\/en\/proprietes-par-ville\/rawdon\/lac-rawdon\/\">Discover Rawdon Lake<\/a><\/span><\/h3>\n<p><\/p>","protected":false},"excerpt":{"rendered":"<p>Discover Rawdon What are the most sought-after properties in Rawdon? To buy or sell a property in Rawdon, you need to know the characteristics of the local and regional real estate market. Hello, my name is Lydia Soczniew, real estate broker in Rawdon and Lanaudi\u00e8re. I know the Rawdon real estate market well, as I [&hellip;]<\/p>\n","protected":false},"author":121,"featured_media":0,"parent":1445,"menu_order":0,"comment_status":"closed","ping_status":"closed","template":"page-fullwidth.php","meta":{"_acf_changed":false,"footnotes":""},"class_list":["post-2916","page","type-page","status-publish","hentry"],"acf":[],"yoast_head":"<!-- This site is optimized with the Yoast SEO plugin v26.7 - https:\/\/yoast.com\/wordpress\/plugins\/seo\/ -->\n<title>What are the most sought-after properties in Rawdon? | Soczniew - Leclerc, RE\/MAX Prestige<\/title>\n<meta name=\"description\" content=\"What are the most sought-after properties in Rawdon? Houses, cottages, land: it&#039;s all here! Call us at: (450) 944-6661 \/ (450) 944-1923.\" \/>\n<meta name=\"robots\" content=\"index, nofollow, max-snippet:-1, max-image-preview:large, max-video-preview:-1\" \/>\n<link rel=\"canonical\" href=\"https:\/\/chaletmaisonlanaudiere.com\/proprietes-par-ville\/rawdon\/le-marche-immobilier-dans-rawdon\/\" \/>\n<meta property=\"og:locale\" content=\"en_US\" \/>\n<meta property=\"og:type\" content=\"article\" \/>\n<meta property=\"og:title\" content=\"Quelles sont les propri\u00e9t\u00e9s les plus recherch\u00e9es \u00e0 Rawdon ?\" \/>\n<meta property=\"og:description\" content=\"Quelles sont les propri\u00e9t\u00e9s les plus recherch\u00e9es \u00e0 Rawdon ? Maisons, chalets, terrains : tout y est ! Appelez-nous au : (450) 944-6661 \/ (450) 944-1923\" \/>\n<meta property=\"og:url\" content=\"https:\/\/chaletmaisonlanaudiere.com\/proprietes-par-ville\/rawdon\/le-marche-immobilier-dans-rawdon\/\" \/>\n<meta property=\"og:site_name\" content=\"Chalet Maison Lanaudiere - REMAX Qu\u00e9bec\" \/>\n<meta property=\"article:publisher\" content=\"https:\/\/www.facebook.com\/ChaletMaisonLanaudiere\/\" \/>\n<meta property=\"article:modified_time\" content=\"2024-12-17T18:46:31+00:00\" \/>\n<meta property=\"og:image\" content=\"https:\/\/chaletmaisonlanaudiere.com\/files\/2023\/09\/maison-a-vendre-rawdon.jpg\" \/>\n\t<meta property=\"og:image:width\" content=\"973\" \/>\n\t<meta property=\"og:image:height\" content=\"730\" \/>\n\t<meta property=\"og:image:type\" content=\"image\/jpeg\" \/>\n<meta name=\"twitter:card\" content=\"summary_large_image\" \/>\n<meta name=\"twitter:title\" content=\"Quelles sont les propri\u00e9t\u00e9s les plus recherch\u00e9es \u00e0 Rawdon ?\" \/>\n<meta name=\"twitter:description\" content=\"Quelles sont les propri\u00e9t\u00e9s les plus recherch\u00e9es \u00e0 Rawdon ? Maisons, chalets, terrains : tout y est ! Appelez-nous au : (450) 944-6661 \/ (450) 944-1923\" \/>\n<meta name=\"twitter:image\" content=\"https:\/\/chaletmaisonlanaudiere.com\/files\/2023\/09\/maison-a-vendre-rawdon.jpg\" \/>\n<meta name=\"twitter:site\" content=\"@LydiaRemax\" \/>\n<meta name=\"twitter:label1\" content=\"Est. reading time\" \/>\n\t<meta name=\"twitter:data1\" content=\"5 minutes\" \/>\n<script type=\"application\/ld+json\" class=\"yoast-schema-graph\">{\"@context\":\"https:\/\/schema.org\",\"@graph\":[{\"@type\":\"WebPage\",\"@id\":\"https:\/\/chaletmaisonlanaudiere.com\/en\/proprietes-par-ville\/rawdon\/le-marche-immobilier-dans-rawdon\/\",\"url\":\"https:\/\/chaletmaisonlanaudiere.com\/proprietes-par-ville\/rawdon\/le-marche-immobilier-dans-rawdon\/\",\"name\":\"What are the most sought-after properties in Rawdon? | Soczniew - Leclerc, RE\/MAX Prestige\",\"isPartOf\":{\"@id\":\"https:\/\/chaletmaisonlanaudiere.com\/#website\"},\"primaryImageOfPage\":{\"@id\":\"https:\/\/chaletmaisonlanaudiere.com\/proprietes-par-ville\/rawdon\/le-marche-immobilier-dans-rawdon\/#primaryimage\"},\"image\":{\"@id\":\"https:\/\/chaletmaisonlanaudiere.com\/proprietes-par-ville\/rawdon\/le-marche-immobilier-dans-rawdon\/#primaryimage\"},\"thumbnailUrl\":\"https:\/\/chaletmaisonlanaudiere.com\/files\/2023\/04\/Rawdon-vu-par-Google-Earth.jpg\",\"datePublished\":\"2023-04-10T22:33:23+00:00\",\"dateModified\":\"2024-12-17T18:46:31+00:00\",\"description\":\"What are the most sought-after properties in Rawdon? Houses, cottages, land: it's all here! Call us at: (450) 944-6661 \/ (450) 944-1923.\",\"breadcrumb\":{\"@id\":\"https:\/\/chaletmaisonlanaudiere.com\/proprietes-par-ville\/rawdon\/le-marche-immobilier-dans-rawdon\/#breadcrumb\"},\"inLanguage\":\"en-US\",\"potentialAction\":[{\"@type\":\"ReadAction\",\"target\":[\"https:\/\/chaletmaisonlanaudiere.com\/proprietes-par-ville\/rawdon\/le-marche-immobilier-dans-rawdon\/\"]}]},{\"@type\":\"ImageObject\",\"inLanguage\":\"en-US\",\"@id\":\"https:\/\/chaletmaisonlanaudiere.com\/proprietes-par-ville\/rawdon\/le-marche-immobilier-dans-rawdon\/#primaryimage\",\"url\":\"https:\/\/chaletmaisonlanaudiere.com\/files\/2023\/04\/Rawdon-vu-par-Google-Earth.jpg\",\"contentUrl\":\"https:\/\/chaletmaisonlanaudiere.com\/files\/2023\/04\/Rawdon-vu-par-Google-Earth.jpg\"},{\"@type\":\"BreadcrumbList\",\"@id\":\"https:\/\/chaletmaisonlanaudiere.com\/proprietes-par-ville\/rawdon\/le-marche-immobilier-dans-rawdon\/#breadcrumb\",\"itemListElement\":[{\"@type\":\"ListItem\",\"position\":1,\"name\":\"Accueil\",\"item\":\"https:\/\/chaletmaisonlanaudiere.com\/\"},{\"@type\":\"ListItem\",\"position\":2,\"name\":\"Propri\u00e9t\u00e9s par ville\",\"item\":\"https:\/\/chaletmaisonlanaudiere.com\/proprietes-par-ville\/\"},{\"@type\":\"ListItem\",\"position\":3,\"name\":\"Rawdon\",\"item\":\"https:\/\/chaletmaisonlanaudiere.com\/proprietes-par-ville\/rawdon\/\"},{\"@type\":\"ListItem\",\"position\":4,\"name\":\"What are the most sought-after properties in Rawdon?\"}]},{\"@type\":\"WebSite\",\"@id\":\"https:\/\/chaletmaisonlanaudiere.com\/#website\",\"url\":\"https:\/\/chaletmaisonlanaudiere.com\/\",\"name\":\"Chalet Maison Lanaudiere - REMAX Qu\u00e9bec\",\"description\":\"Courtiers immobiliers\",\"publisher\":{\"@id\":\"https:\/\/chaletmaisonlanaudiere.com\/#organization\"},\"potentialAction\":[{\"@type\":\"SearchAction\",\"target\":{\"@type\":\"EntryPoint\",\"urlTemplate\":\"https:\/\/chaletmaisonlanaudiere.com\/?s={search_term_string}\"},\"query-input\":{\"@type\":\"PropertyValueSpecification\",\"valueRequired\":true,\"valueName\":\"search_term_string\"}}],\"inLanguage\":\"en-US\"},{\"@type\":\"Organization\",\"@id\":\"https:\/\/chaletmaisonlanaudiere.com\/#organization\",\"name\":\"Lydia Soczniew et Sylvain Leclerc, courtiers immobiliers Remax\",\"url\":\"https:\/\/chaletmaisonlanaudiere.com\/\",\"logo\":{\"@type\":\"ImageObject\",\"inLanguage\":\"en-US\",\"@id\":\"https:\/\/chaletmaisonlanaudiere.com\/#\/schema\/logo\/image\/\",\"url\":\"https:\/\/chaletmaisonlanaudiere.com\/files\/2024\/03\/courtiers-immobiliers-lanaudiere-6.jpg\",\"contentUrl\":\"https:\/\/chaletmaisonlanaudiere.com\/files\/2024\/03\/courtiers-immobiliers-lanaudiere-6.jpg\",\"width\":565,\"height\":542,\"caption\":\"Lydia Soczniew et Sylvain Leclerc, courtiers immobiliers Remax\"},\"image\":{\"@id\":\"https:\/\/chaletmaisonlanaudiere.com\/#\/schema\/logo\/image\/\"},\"sameAs\":[\"https:\/\/www.facebook.com\/ChaletMaisonLanaudiere\/\",\"https:\/\/x.com\/LydiaRemax\",\"https:\/\/www.instagram.com\/lydiasoczniew\/?hl=fr-ca\",\"https:\/\/www.linkedin.com\/in\/lydia-soczniew-sylvain-leclerc-377a1111\/\"]}]}<\/script>\n<!-- \/ Yoast SEO plugin. -->","yoast_head_json":{"title":"What are the most sought-after properties in Rawdon? | Soczniew - Leclerc, RE\/MAX Prestige","description":"What are the most sought-after properties in Rawdon? Houses, cottages, land: it's all here! Call us at: (450) 944-6661 \/ (450) 944-1923.","robots":{"index":"index","follow":"nofollow","max-snippet":"max-snippet:-1","max-image-preview":"max-image-preview:large","max-video-preview":"max-video-preview:-1"},"canonical":"https:\/\/chaletmaisonlanaudiere.com\/proprietes-par-ville\/rawdon\/le-marche-immobilier-dans-rawdon\/","og_locale":"en_US","og_type":"article","og_title":"Quelles sont les propri\u00e9t\u00e9s les plus recherch\u00e9es \u00e0 Rawdon ?","og_description":"Quelles sont les propri\u00e9t\u00e9s les plus recherch\u00e9es \u00e0 Rawdon ? Maisons, chalets, terrains : tout y est ! Appelez-nous au : (450) 944-6661 \/ (450) 944-1923","og_url":"https:\/\/chaletmaisonlanaudiere.com\/proprietes-par-ville\/rawdon\/le-marche-immobilier-dans-rawdon\/","og_site_name":"Chalet Maison Lanaudiere - REMAX Qu\u00e9bec","article_publisher":"https:\/\/www.facebook.com\/ChaletMaisonLanaudiere\/","article_modified_time":"2024-12-17T18:46:31+00:00","og_image":[{"width":973,"height":730,"url":"https:\/\/chaletmaisonlanaudiere.com\/files\/2023\/09\/maison-a-vendre-rawdon.jpg","type":"image\/jpeg"}],"twitter_card":"summary_large_image","twitter_title":"Quelles sont les propri\u00e9t\u00e9s les plus recherch\u00e9es \u00e0 Rawdon ?","twitter_description":"Quelles sont les propri\u00e9t\u00e9s les plus recherch\u00e9es \u00e0 Rawdon ? Maisons, chalets, terrains : tout y est ! Appelez-nous au : (450) 944-6661 \/ (450) 944-1923","twitter_image":"https:\/\/chaletmaisonlanaudiere.com\/files\/2023\/09\/maison-a-vendre-rawdon.jpg","twitter_site":"@LydiaRemax","twitter_misc":{"Est. reading time":"5 minutes"},"schema":{"@context":"https:\/\/schema.org","@graph":[{"@type":"WebPage","@id":"https:\/\/chaletmaisonlanaudiere.com\/en\/proprietes-par-ville\/rawdon\/le-marche-immobilier-dans-rawdon\/","url":"https:\/\/chaletmaisonlanaudiere.com\/proprietes-par-ville\/rawdon\/le-marche-immobilier-dans-rawdon\/","name":"What are the most sought-after properties in Rawdon? | Soczniew - Leclerc, RE\/MAX Prestige","isPartOf":{"@id":"https:\/\/chaletmaisonlanaudiere.com\/#website"},"primaryImageOfPage":{"@id":"https:\/\/chaletmaisonlanaudiere.com\/proprietes-par-ville\/rawdon\/le-marche-immobilier-dans-rawdon\/#primaryimage"},"image":{"@id":"https:\/\/chaletmaisonlanaudiere.com\/proprietes-par-ville\/rawdon\/le-marche-immobilier-dans-rawdon\/#primaryimage"},"thumbnailUrl":"https:\/\/chaletmaisonlanaudiere.com\/files\/2023\/04\/Rawdon-vu-par-Google-Earth.jpg","datePublished":"2023-04-10T22:33:23+00:00","dateModified":"2024-12-17T18:46:31+00:00","description":"What are the most sought-after properties in Rawdon? Houses, cottages, land: it's all here! Call us at: (450) 944-6661 \/ (450) 944-1923.","breadcrumb":{"@id":"https:\/\/chaletmaisonlanaudiere.com\/proprietes-par-ville\/rawdon\/le-marche-immobilier-dans-rawdon\/#breadcrumb"},"inLanguage":"en-US","potentialAction":[{"@type":"ReadAction","target":["https:\/\/chaletmaisonlanaudiere.com\/proprietes-par-ville\/rawdon\/le-marche-immobilier-dans-rawdon\/"]}]},{"@type":"ImageObject","inLanguage":"en-US","@id":"https:\/\/chaletmaisonlanaudiere.com\/proprietes-par-ville\/rawdon\/le-marche-immobilier-dans-rawdon\/#primaryimage","url":"https:\/\/chaletmaisonlanaudiere.com\/files\/2023\/04\/Rawdon-vu-par-Google-Earth.jpg","contentUrl":"https:\/\/chaletmaisonlanaudiere.com\/files\/2023\/04\/Rawdon-vu-par-Google-Earth.jpg"},{"@type":"BreadcrumbList","@id":"https:\/\/chaletmaisonlanaudiere.com\/proprietes-par-ville\/rawdon\/le-marche-immobilier-dans-rawdon\/#breadcrumb","itemListElement":[{"@type":"ListItem","position":1,"name":"Accueil","item":"https:\/\/chaletmaisonlanaudiere.com\/"},{"@type":"ListItem","position":2,"name":"Propri\u00e9t\u00e9s par ville","item":"https:\/\/chaletmaisonlanaudiere.com\/proprietes-par-ville\/"},{"@type":"ListItem","position":3,"name":"Rawdon","item":"https:\/\/chaletmaisonlanaudiere.com\/proprietes-par-ville\/rawdon\/"},{"@type":"ListItem","position":4,"name":"What are the most sought-after properties in Rawdon?"}]},{"@type":"WebSite","@id":"https:\/\/chaletmaisonlanaudiere.com\/#website","url":"https:\/\/chaletmaisonlanaudiere.com\/","name":"Chalet Maison Lanaudiere - REMAX Qu\u00e9bec","description":"Courtiers immobiliers","publisher":{"@id":"https:\/\/chaletmaisonlanaudiere.com\/#organization"},"potentialAction":[{"@type":"SearchAction","target":{"@type":"EntryPoint","urlTemplate":"https:\/\/chaletmaisonlanaudiere.com\/?s={search_term_string}"},"query-input":{"@type":"PropertyValueSpecification","valueRequired":true,"valueName":"search_term_string"}}],"inLanguage":"en-US"},{"@type":"Organization","@id":"https:\/\/chaletmaisonlanaudiere.com\/#organization","name":"Lydia Soczniew et Sylvain Leclerc, courtiers immobiliers Remax","url":"https:\/\/chaletmaisonlanaudiere.com\/","logo":{"@type":"ImageObject","inLanguage":"en-US","@id":"https:\/\/chaletmaisonlanaudiere.com\/#\/schema\/logo\/image\/","url":"https:\/\/chaletmaisonlanaudiere.com\/files\/2024\/03\/courtiers-immobiliers-lanaudiere-6.jpg","contentUrl":"https:\/\/chaletmaisonlanaudiere.com\/files\/2024\/03\/courtiers-immobiliers-lanaudiere-6.jpg","width":565,"height":542,"caption":"Lydia Soczniew et Sylvain Leclerc, courtiers immobiliers Remax"},"image":{"@id":"https:\/\/chaletmaisonlanaudiere.com\/#\/schema\/logo\/image\/"},"sameAs":["https:\/\/www.facebook.com\/ChaletMaisonLanaudiere\/","https:\/\/x.com\/LydiaRemax","https:\/\/www.instagram.com\/lydiasoczniew\/?hl=fr-ca","https:\/\/www.linkedin.com\/in\/lydia-soczniew-sylvain-leclerc-377a1111\/"]}]}},"_links":{"self":[{"href":"https:\/\/chaletmaisonlanaudiere.com\/en\/wp-json\/wp\/v2\/pages\/2916","targetHints":{"allow":["GET"]}}],"collection":[{"href":"https:\/\/chaletmaisonlanaudiere.com\/en\/wp-json\/wp\/v2\/pages"}],"about":[{"href":"https:\/\/chaletmaisonlanaudiere.com\/en\/wp-json\/wp\/v2\/types\/page"}],"author":[{"embeddable":true,"href":"https:\/\/chaletmaisonlanaudiere.com\/en\/wp-json\/wp\/v2\/users\/121"}],"replies":[{"embeddable":true,"href":"https:\/\/chaletmaisonlanaudiere.com\/en\/wp-json\/wp\/v2\/comments?post=2916"}],"version-history":[{"count":2,"href":"https:\/\/chaletmaisonlanaudiere.com\/en\/wp-json\/wp\/v2\/pages\/2916\/revisions"}],"predecessor-version":[{"id":3297,"href":"https:\/\/chaletmaisonlanaudiere.com\/en\/wp-json\/wp\/v2\/pages\/2916\/revisions\/3297"}],"up":[{"embeddable":true,"href":"https:\/\/chaletmaisonlanaudiere.com\/en\/wp-json\/wp\/v2\/pages\/1445"}],"wp:attachment":[{"href":"https:\/\/chaletmaisonlanaudiere.com\/en\/wp-json\/wp\/v2\/media?parent=2916"}],"curies":[{"name":"wp","href":"https:\/\/api.w.org\/{rel}","templated":true}]}}